{"id":57,"date":"2025-09-05T14:58:18","date_gmt":"2025-09-05T14:58:18","guid":{"rendered":"http:\/\/www.tuncelimerkez4noluasm.com.tr\/?page_id=57"},"modified":"2025-09-06T20:06:01","modified_gmt":"2025-09-06T20:06:01","slug":"yararli-dosyalar","status":"publish","type":"page","link":"https:\/\/www.tuncelimerkez4noluasm.com.tr\/?page_id=57","title":{"rendered":"Yararl\u0131 Dosyalar"},"content":{"rendered":"\n<h2 class=\"wp-block-heading\">Aile Sa\u011fl\u0131k Merkezi Talimatlar\u0131<\/h2>\n\n\n\n<div data-wp-interactive=\"core\/file\" class=\"wp-block-file\"><object data-wp-bind--hidden=\"!state.hasPdfPreview\" hidden class=\"wp-block-file__embed\" data=\"https:\/\/www.tuncelimerkez4noluasm.com.tr\/wp-content\/uploads\/2025\/09\/BASARILI-EMZIRMEDE-10-ADIM.pdf\" type=\"application\/pdf\" style=\"width:100%;height:600px\" aria-label=\"BA\u015eARILI EMZ\u0130RMEDE 10 ADIM g\u00f6m\u00fcs\u00fc.\"><\/object><a id=\"wp-block-file--media-4a302bec-853a-4b28-8f8b-2411a1979707\" href=\"https:\/\/www.tuncelimerkez4noluasm.com.tr\/wp-content\/uploads\/2025\/09\/BASARILI-EMZIRMEDE-10-ADIM.pdf\">BA\u015eARILI EMZ\u0130RMEDE 10 ADIM<\/a><a href=\"https:\/\/www.tuncelimerkez4noluasm.com.tr\/wp-content\/uploads\/2025\/09\/BASARILI-EMZIRMEDE-10-ADIM.pdf\" class=\"wp-block-file__button wp-element-button\" download aria-describedby=\"wp-block-file--media-4a302bec-853a-4b28-8f8b-2411a1979707\">\u0130ndir<\/a><\/div>\n\n\n\n<figure class=\"wp-block-image size-large\"><img loading=\"lazy\" decoding=\"async\" width=\"723\" height=\"1024\" src=\"http:\/\/www.tuncelimerkez4noluasm.com.tr\/wp-content\/uploads\/2025\/09\/antiseptik-723x1024.png\" alt=\"\" class=\"wp-image-64\" srcset=\"https:\/\/www.tuncelimerkez4noluasm.com.tr\/wp-content\/uploads\/2025\/09\/antiseptik-723x1024.png 723w, https:\/\/www.tuncelimerkez4noluasm.com.tr\/wp-content\/uploads\/2025\/09\/antiseptik-212x300.png 212w, https:\/\/www.tuncelimerkez4noluasm.com.tr\/wp-content\/uploads\/2025\/09\/antiseptik-768x1088.png 768w, https:\/\/www.tuncelimerkez4noluasm.com.tr\/wp-content\/uploads\/2025\/09\/antiseptik.png 787w\" sizes=\"auto, (max-width: 723px) 100vw, 723px\" \/><\/figure>\n\n\n\n<div data-wp-interactive=\"core\/file\" class=\"wp-block-file\"><object data-wp-bind--hidden=\"!state.hasPdfPreview\" hidden class=\"wp-block-file__embed\" data=\"https:\/\/www.tuncelimerkez4noluasm.com.tr\/wp-content\/uploads\/2025\/09\/GEBELIK-DONEMI-BESLENMESI.pdf\" type=\"application\/pdf\" style=\"width:100%;height:600px\" aria-label=\"GEBEL\u0130K D\u00d6NEM\u0130 BESLENMES\u0130 g\u00f6m\u00fcs\u00fc.\"><\/object><a id=\"wp-block-file--media-4eb4a126-2038-4a56-8a09-1769d99cca60\" href=\"https:\/\/www.tuncelimerkez4noluasm.com.tr\/wp-content\/uploads\/2025\/09\/GEBELIK-DONEMI-BESLENMESI.pdf\">GEBEL\u0130K D\u00d6NEM\u0130 BESLENMES\u0130<\/a><a href=\"https:\/\/www.tuncelimerkez4noluasm.com.tr\/wp-content\/uploads\/2025\/09\/GEBELIK-DONEMI-BESLENMESI.pdf\" class=\"wp-block-file__button wp-element-button\" download aria-describedby=\"wp-block-file--media-4eb4a126-2038-4a56-8a09-1769d99cca60\">\u0130ndir<\/a><\/div>\n\n\n\n<div data-wp-interactive=\"core\/file\" class=\"wp-block-file\"><object data-wp-bind--hidden=\"!state.hasPdfPreview\" hidden class=\"wp-block-file__embed\" data=\"https:\/\/www.tuncelimerkez4noluasm.com.tr\/wp-content\/uploads\/2025\/09\/Genel-Temizlik-Talimati.pdf\" type=\"application\/pdf\" style=\"width:100%;height:600px\" aria-label=\"Genel Temizlik Talimat\u0131 g\u00f6m\u00fcs\u00fc.\"><\/object><a id=\"wp-block-file--media-bec139fa-93a3-4efc-8291-0c3295d7f374\" href=\"https:\/\/www.tuncelimerkez4noluasm.com.tr\/wp-content\/uploads\/2025\/09\/Genel-Temizlik-Talimati.pdf\">Genel Temizlik Talimat\u0131<\/a><a href=\"https:\/\/www.tuncelimerkez4noluasm.com.tr\/wp-content\/uploads\/2025\/09\/Genel-Temizlik-Talimati.pdf\" class=\"wp-block-file__button wp-element-button\" download aria-describedby=\"wp-block-file--media-bec139fa-93a3-4efc-8291-0c3295d7f374\">\u0130ndir<\/a><\/div>\n\n\n\n<div data-wp-interactive=\"core\/file\" class=\"wp-block-file\"><object data-wp-bind--hidden=\"!state.hasPdfPreview\" hidden class=\"wp-block-file__embed\" data=\"https:\/\/www.tuncelimerkez4noluasm.com.tr\/wp-content\/uploads\/2025\/09\/TEMIZLIK-VE-DEZENFEKSIYON-TALIMATI.pdf\" type=\"application\/pdf\" style=\"width:100%;height:600px\" aria-label=\"TEM\u0130ZL\u0130K VE DEZENFEKS\u0130YON TAL\u0130MATI g\u00f6m\u00fcs\u00fc.\"><\/object><a id=\"wp-block-file--media-6293240e-f96f-446f-b97a-91797acfc08f\" href=\"https:\/\/www.tuncelimerkez4noluasm.com.tr\/wp-content\/uploads\/2025\/09\/TEMIZLIK-VE-DEZENFEKSIYON-TALIMATI.pdf\">TEM\u0130ZL\u0130K VE DEZENFEKS\u0130YON TAL\u0130MATI<\/a><a href=\"https:\/\/www.tuncelimerkez4noluasm.com.tr\/wp-content\/uploads\/2025\/09\/TEMIZLIK-VE-DEZENFEKSIYON-TALIMATI.pdf\" class=\"wp-block-file__button wp-element-button\" download aria-describedby=\"wp-block-file--media-6293240e-f96f-446f-b97a-91797acfc08f\">\u0130ndir<\/a><\/div>\n\n\n\n<div data-wp-interactive=\"core\/file\" class=\"wp-block-file\"><object data-wp-bind--hidden=\"!state.hasPdfPreview\" hidden class=\"wp-block-file__embed\" data=\"https:\/\/www.tuncelimerkez4noluasm.com.tr\/wp-content\/uploads\/2025\/09\/Emzirme-1.pdf\" type=\"application\/pdf\" style=\"width:100%;height:600px\" aria-label=\"Emzirme g\u00f6m\u00fcs\u00fc.\"><\/object><a id=\"wp-block-file--media-06e33ef5-58c3-46f5-b0ee-30629bc87880\" href=\"https:\/\/www.tuncelimerkez4noluasm.com.tr\/wp-content\/uploads\/2025\/09\/Emzirme-1.pdf\">Emzirme<\/a><a href=\"https:\/\/www.tuncelimerkez4noluasm.com.tr\/wp-content\/uploads\/2025\/09\/Emzirme-1.pdf\" class=\"wp-block-file__button wp-element-button\" download aria-describedby=\"wp-block-file--media-06e33ef5-58c3-46f5-b0ee-30629bc87880\">\u0130ndir<\/a><\/div>\n","protected":false},"excerpt":{"rendered":"<p>Aile Sa\u011fl\u0131k Merkezi Talimatlar\u0131<\/p>\n","protected":false},"author":2,"featured_media":0,"parent":0,"menu_order":0,"comment_status":"closed","ping_status":"closed","template":"","meta":{"colormag_page_layout":"default_layout","footnotes":""},"class_list":["post-57","page","type-page","status-publish","hentry"],"_links":{"self":[{"href":"https:\/\/www.tuncelimerkez4noluasm.com.tr\/index.php?rest_route=\/wp\/v2\/pages\/57","targetHints":{"allow":["GET"]}}],"collection":[{"href":"https:\/\/www.tuncelimerkez4noluasm.com.tr\/index.php?rest_route=\/wp\/v2\/pages"}],"about":[{"href":"https:\/\/www.tuncelimerkez4noluasm.com.tr\/index.php?rest_route=\/wp\/v2\/types\/page"}],"author":[{"embeddable":true,"href":"https:\/\/www.tuncelimerkez4noluasm.com.tr\/index.php?rest_route=\/wp\/v2\/users\/2"}],"replies":[{"embeddable":true,"href":"https:\/\/www.tuncelimerkez4noluasm.com.tr\/index.php?rest_route=%2Fwp%2Fv2%2Fcomments&post=57"}],"version-history":[{"count":4,"href":"https:\/\/www.tuncelimerkez4noluasm.com.tr\/index.php?rest_route=\/wp\/v2\/pages\/57\/revisions"}],"predecessor-version":[{"id":150,"href":"https:\/\/www.tuncelimerkez4noluasm.com.tr\/index.php?rest_route=\/wp\/v2\/pages\/57\/revisions\/150"}],"wp:attachment":[{"href":"https:\/\/www.tuncelimerkez4noluasm.com.tr\/index.php?rest_route=%2Fwp%2Fv2%2Fmedia&parent=57"}],"curies":[{"name":"wp","href":"https:\/\/api.w.org\/{rel}","templated":true}]}}