{"id":2,"date":"2025-09-04T16:19:58","date_gmt":"2025-09-04T16:19:58","guid":{"rendered":"http:\/\/www.tuncelimerkez4noluasm.com.tr\/?page_id=2"},"modified":"2025-09-06T19:33:58","modified_gmt":"2025-09-06T19:33:58","slug":"sample-page","status":"publish","type":"page","link":"https:\/\/www.tuncelimerkez4noluasm.com.tr\/?page_id=2","title":{"rendered":"\u0130leti\u015fim"},"content":{"rendered":"\n<h2 class=\"wp-block-heading has-large-font-size\"><strong>TUNCEL\u0130 MERKEZ 4 NOLU A\u0130LE SA\u011eLIK MERKEZ\u0130<\/strong><\/h2>\n\n\n\n<p class=\"has-large-font-size\">Munzur \u00dcniversitesi Kamp\u00fcs\u00fc Rekt\u00f6rl\u00fck Binas\u0131 Arkas\u0131<\/p>\n\n\n\n<p class=\"has-large-font-size\"><strong>Telefon: 04282427162<\/strong><\/p>\n\n\n\n<ul class=\"wp-block-list\">\n<li><strong>TUNCEL\u0130 \u0130L SA\u011eLIK M\u00dcD\u00dcRL\u00dc\u011e\u00dc<\/strong><br><strong>Adres:<\/strong>&nbsp;Atat\u00fcrk Mah. Mahmut Tan Cad. Ketem Binas\u0131 62000 TUNCEL\u0130<br><strong>Tel:<\/strong>&nbsp;(0428) 212 10 35<br><strong>Faks:<\/strong>&nbsp;(0428) 212 20 55<\/li>\n\n\n\n<li><strong>MERKEZ TOPLUM SA\u011eLI\u011eI MERKEZ\u0130<\/strong><br><strong>Adres:<\/strong>&nbsp;Alibaba Mah., Aras Sk. No:32 62000 Merkez\/TUNCEL\u0130<br><strong>Tel:<\/strong>&nbsp;(0428) 212 30 81<\/li>\n<\/ul>\n\n\n\n<iframe src=\"https:\/\/www.google.com\/maps\/embed?pb=!1m18!1m12!1m3!1d3098.6628713805117!2d39.514870475815314!3d39.04580543793405!2m3!1f0!2f0!3f0!3m2!1i1024!2i768!4f13.1!3m3!1m2!1s0x407123aef3f889df%3A0xaea004674c7536b1!2sMunzur%20%C3%9Cniversitesi!5e0!3m2!1str!2str!4v1757084712551!5m2!1str!2str\" width=\"600\" height=\"450\" style=\"border:0;\" allowfullscreen=\"\" loading=\"lazy\" referrerpolicy=\"no-referrer-when-downgrade\"><\/iframe>\n\n\n\n<pre class=\"wp-block-code\"><code><\/code><\/pre>\n","protected":false},"excerpt":{"rendered":"<p>TUNCEL\u0130 MERKEZ 4 NOLU A\u0130LE SA\u011eLIK MERKEZ\u0130 Munzur \u00dcniversitesi Kamp\u00fcs\u00fc Rekt\u00f6rl\u00fck Binas\u0131 Arkas\u0131 Telefon: 04282427162<\/p>\n","protected":false},"author":2,"featured_media":0,"parent":0,"menu_order":0,"comment_status":"closed","ping_status":"open","template":"","meta":{"colormag_page_layout":"default_layout","footnotes":""},"class_list":["post-2","page","type-page","status-publish","hentry"],"_links":{"self":[{"href":"https:\/\/www.tuncelimerkez4noluasm.com.tr\/index.php?rest_route=\/wp\/v2\/pages\/2","targetHints":{"allow":["GET"]}}],"collection":[{"href":"https:\/\/www.tuncelimerkez4noluasm.com.tr\/index.php?rest_route=\/wp\/v2\/pages"}],"about":[{"href":"https:\/\/www.tuncelimerkez4noluasm.com.tr\/index.php?rest_route=\/wp\/v2\/types\/page"}],"author":[{"embeddable":true,"href":"https:\/\/www.tuncelimerkez4noluasm.com.tr\/index.php?rest_route=\/wp\/v2\/users\/2"}],"replies":[{"embeddable":true,"href":"https:\/\/www.tuncelimerkez4noluasm.com.tr\/index.php?rest_route=%2Fwp%2Fv2%2Fcomments&post=2"}],"version-history":[{"count":6,"href":"https:\/\/www.tuncelimerkez4noluasm.com.tr\/index.php?rest_route=\/wp\/v2\/pages\/2\/revisions"}],"predecessor-version":[{"id":129,"href":"https:\/\/www.tuncelimerkez4noluasm.com.tr\/index.php?rest_route=\/wp\/v2\/pages\/2\/revisions\/129"}],"wp:attachment":[{"href":"https:\/\/www.tuncelimerkez4noluasm.com.tr\/index.php?rest_route=%2Fwp%2Fv2%2Fmedia&parent=2"}],"curies":[{"name":"wp","href":"https:\/\/api.w.org\/{rel}","templated":true}]}}